{"id":50,"date":"2014-12-09T17:53:54","date_gmt":"2014-12-09T17:53:54","guid":{"rendered":"https:\/\/soroptimistbudapest.eu\/?page_id=50"},"modified":"2015-10-14T11:58:30","modified_gmt":"2015-10-14T11:58:30","slug":"kapcsolat","status":"publish","type":"page","link":"https:\/\/soroptimistbudapest.eu\/en\/kapcsolat\/","title":{"rendered":"Contact"},"content":{"rendered":"<p><em>Postal address:<\/em> Budapest 1036, Kiskorona Str. 7\u00a0 \/ Tel: +36-30-427-4070<\/p>\n<p><em>President:<\/em> Ms. M\u00e1rta D\u00e9ry<\/p>\n<p><em>Secretary:<\/em> Ms. Erzs\u00e9bet Ott\u00e1va<\/p>\n<p><em>Club meetings:<\/em> every second Wednesday of the month at 6:00 pm<\/p>\n<p><em>Club meetings\u2019 venue:<\/em> Budapest, 1036 Kiskorona Str. 7<\/p>\n<p>&nbsp;<\/p>\n\n<div class=\"wpcf7 no-js\" id=\"wpcf7-f70-o1\" lang=\"hu-HU\" dir=\"ltr\">\n<div class=\"screen-reader-response\"><p role=\"status\" aria-live=\"polite\" aria-atomic=\"true\"><\/p> <ul><\/ul><\/div>\n<form action=\"\/en\/wp-json\/wp\/v2\/pages\/50#wpcf7-f70-o1\" method=\"post\" class=\"wpcf7-form init\" aria-label=\"Kapcsolatfelv\u00e9teli \u0171rlap\" novalidate=\"novalidate\" data-status=\"init\">\n<div style=\"display: none;\">\n<input type=\"hidden\" name=\"_wpcf7\" value=\"70\" \/>\n<input type=\"hidden\" name=\"_wpcf7_version\" value=\"5.8.7\" \/>\n<input type=\"hidden\" name=\"_wpcf7_locale\" value=\"hu_HU\" \/>\n<input type=\"hidden\" name=\"_wpcf7_unit_tag\" value=\"wpcf7-f70-o1\" \/>\n<input type=\"hidden\" name=\"_wpcf7_container_post\" value=\"0\" \/>\n<input type=\"hidden\" name=\"_wpcf7_posted_data_hash\" value=\"\" \/>\n<\/div>\n<p>N\u00e9v *\n<\/p>\n<p><span class=\"wpcf7-form-control-wrap\" data-name=\"name\"><input size=\"40\" class=\"wpcf7-form-control wpcf7-text wpcf7-validates-as-required\" aria-required=\"true\" aria-invalid=\"false\" value=\"\" type=\"text\" name=\"name\" \/><\/span>\n<\/p>\n<p>Email c\u00edm *\n<\/p>\n<p><span class=\"wpcf7-form-control-wrap\" data-name=\"email\"><input size=\"40\" class=\"wpcf7-form-control wpcf7-email wpcf7-validates-as-required wpcf7-text wpcf7-validates-as-email\" aria-required=\"true\" aria-invalid=\"false\" value=\"\" type=\"email\" name=\"email\" \/><\/span>\n<\/p>\n<p>\u00dczenet *\n<\/p>\n<p><span class=\"wpcf7-form-control-wrap\" data-name=\"message\"><textarea cols=\"40\" rows=\"10\" class=\"wpcf7-form-control wpcf7-textarea wpcf7-validates-as-required\" aria-required=\"true\" aria-invalid=\"false\" name=\"message\"><\/textarea><\/span>\n<\/p>\n<p><small>A csillaggal jel\u00f6lt mez\u0151k kit\u00f6lt\u00e9se k\u00f6telez\u0151!<\/small>\n<\/p>\n<p><input class=\"wpcf7-form-control wpcf7-submit has-spinner\" type=\"submit\" value=\"K\u00fcld\u00e9s\" \/>\n<\/p><div class=\"wpcf7-response-output\" aria-hidden=\"true\"><\/div>\n<\/form>\n<\/div>\n\n","protected":false},"excerpt":{"rendered":"<p>Postal address: Budapest 1036, Kiskorona Str. 7\u00a0 \/ Tel: +36-30-427-4070 President: Ms. M\u00e1rta D\u00e9ry Secretary: Ms. Erzs\u00e9bet Ott\u00e1va Club meetings: every second Wednesday of the month at 6:00 pm Club meetings\u2019 venue: Budapest, 1036 Kiskorona Str. 7 &nbsp;<\/p>\n","protected":false},"author":6,"featured_media":0,"parent":0,"menu_order":0,"comment_status":"open","ping_status":"open","template":"","meta":[],"_links":{"self":[{"href":"https:\/\/soroptimistbudapest.eu\/en\/wp-json\/wp\/v2\/pages\/50"}],"collection":[{"href":"https:\/\/soroptimistbudapest.eu\/en\/wp-json\/wp\/v2\/pages"}],"about":[{"href":"https:\/\/soroptimistbudapest.eu\/en\/wp-json\/wp\/v2\/types\/page"}],"author":[{"embeddable":true,"href":"https:\/\/soroptimistbudapest.eu\/en\/wp-json\/wp\/v2\/users\/6"}],"replies":[{"embeddable":true,"href":"https:\/\/soroptimistbudapest.eu\/en\/wp-json\/wp\/v2\/comments?post=50"}],"version-history":[{"count":14,"href":"https:\/\/soroptimistbudapest.eu\/en\/wp-json\/wp\/v2\/pages\/50\/revisions"}],"predecessor-version":[{"id":408,"href":"https:\/\/soroptimistbudapest.eu\/en\/wp-json\/wp\/v2\/pages\/50\/revisions\/408"}],"wp:attachment":[{"href":"https:\/\/soroptimistbudapest.eu\/en\/wp-json\/wp\/v2\/media?parent=50"}],"curies":[{"name":"wp","href":"https:\/\/api.w.org\/{rel}","templated":true}]}}