{"id":414,"date":"2015-10-15T16:43:06","date_gmt":"2015-10-15T16:43:06","guid":{"rendered":"https:\/\/soroptimistbudapest.eu\/en\/?page_id=414"},"modified":"2016-01-31T18:40:44","modified_gmt":"2016-01-31T18:40:44","slug":"projects","status":"publish","type":"page","link":"https:\/\/soroptimistbudapest.eu\/en\/projects\/","title":{"rendered":"Projects"},"content":{"rendered":"<p><strong>1991.<\/strong><\/p>\n<p>Organizing a concert for 13 young music talents and supporting them in recording CDs. This concert was broadcasting by the Hungarian National Television prime time on World Music Day (1st of October) and Christmas day.<\/p>\n<p><b>1992.<\/b><\/p>\n<p>Ongoing international relationships, we welcomed guests from all over Europe and also visited a lot of Clubs in Europe<\/p>\n<p><b>1993.\u00a0<\/b><\/p>\n<p>Supporting Cs\u00e1ng\u00f3 (Hungarian-speaking native of Moldavia) children with Sunday lunch and tuition. Printing the collection of \u201eHungarian folk prayers\u201d on CD, a collection by ethnographer Zsuzsanna Erd\u00e9lyi.<\/p>\n<p><b><a href=\"https:\/\/soroptimistbudapest.eu\/en\/wp-content\/uploads\/2015\/10\/1994EastWestDiscussion.jpg\"><img decoding=\"async\" loading=\"lazy\" class=\" size-medium wp-image-424 alignleft\" src=\"https:\/\/soroptimistbudapest.eu\/en\/wp-content\/uploads\/2015\/10\/1994EastWestDiscussion-300x202.jpg\" alt=\"1994EastWestDiscussion\" width=\"300\" height=\"202\" srcset=\"https:\/\/soroptimistbudapest.eu\/en\/wp-content\/uploads\/2015\/10\/1994EastWestDiscussion-300x202.jpg 300w, https:\/\/soroptimistbudapest.eu\/en\/wp-content\/uploads\/2015\/10\/1994EastWestDiscussion-1024x691.jpg 1024w, https:\/\/soroptimistbudapest.eu\/en\/wp-content\/uploads\/2015\/10\/1994EastWestDiscussion-120x80.jpg 120w\" sizes=\"(max-width: 300px) 100vw, 300px\" \/><\/a>1994.<\/b><\/p>\n<p>Organizing charity concerts for the benefit of the Hospice Foundation and the Beethoven Program \u2013 who teach deaf children how to play music.<\/p>\n<p>In November we have organized the \u201eEast-West Discussion on problems in our social systems\u201d three days international conference. The audience was formed by the eastern club members while the western club members were presenting. The aim of the conference was to present the professionalism and ideology of the soroptimism after the regime change.<\/p>\n<p><b>1995.\u00a0<\/b><\/p>\n<p>Aiding large families, supporting families with 8 to 12 children with money.<\/p>\n<p>Planting trees at \u00d3pusztaszer.<\/p>\n<p><b><a href=\"https:\/\/soroptimistbudapest.eu\/en\/wp-content\/uploads\/2015\/10\/1996Lelegeztetogep.jpg\"><img decoding=\"async\" loading=\"lazy\" class=\" size-medium wp-image-425 alignright\" src=\"https:\/\/soroptimistbudapest.eu\/en\/wp-content\/uploads\/2015\/10\/1996Lelegeztetogep-300x207.jpg\" alt=\"1996Lelegeztetogep\" width=\"300\" height=\"207\" srcset=\"https:\/\/soroptimistbudapest.eu\/en\/wp-content\/uploads\/2015\/10\/1996Lelegeztetogep-300x207.jpg 300w, https:\/\/soroptimistbudapest.eu\/en\/wp-content\/uploads\/2015\/10\/1996Lelegeztetogep-1024x708.jpg 1024w\" sizes=\"(max-width: 300px) 100vw, 300px\" \/><\/a>1996.<\/b><\/p>\n<p>We donated a respirator for the obstetrical ward of Semmelweis University Hospital<\/p>\n<p>We have maintained international relationships, by organizing the friendship weekend for the club\u2019s 5th birthday.<\/p>\n<p>We inaugurated the Soroptimist Club in Ny\u00edregyh\u00e1za. We all know that setting up a club is hard work and with this new Club we could confirm the success of the soroptimism ideology in Hungary.<\/p>\n<p><b><a href=\"https:\/\/soroptimistbudapest.eu\/en\/wp-content\/uploads\/2015\/10\/1997Lienzbarati-latog.jpg\"><img decoding=\"async\" loading=\"lazy\" class=\" size-medium wp-image-426 alignleft\" src=\"https:\/\/soroptimistbudapest.eu\/en\/wp-content\/uploads\/2015\/10\/1997Lienzbarati-latog-300x219.jpg\" alt=\"1997Lienzbarati latog\" width=\"300\" height=\"219\" srcset=\"https:\/\/soroptimistbudapest.eu\/en\/wp-content\/uploads\/2015\/10\/1997Lienzbarati-latog-300x219.jpg 300w, https:\/\/soroptimistbudapest.eu\/en\/wp-content\/uploads\/2015\/10\/1997Lienzbarati-latog-1024x749.jpg 1024w\" sizes=\"(max-width: 300px) 100vw, 300px\" \/><\/a>1997.\u00a0<\/b><\/p>\n<p>International sorpotimist training was held in Lienz, Germany where our club members could participate.<\/p>\n<p>We supported young musicians.<\/p>\n<p>We have looked after a family in crisis \u2013 a mother with diabetes and her son &#8211; providing monetary, legal and mental support.<\/p>\n<p><b><a href=\"https:\/\/soroptimistbudapest.eu\/en\/wp-content\/uploads\/2015\/10\/1998Fa\u00fcltet\u00e9sOpusztaszer.jpg\"><img decoding=\"async\" loading=\"lazy\" class=\" size-medium wp-image-427 alignright\" src=\"https:\/\/soroptimistbudapest.eu\/en\/wp-content\/uploads\/2015\/10\/1998Fa\u00fcltet\u00e9sOpusztaszer-300x216.jpg\" alt=\"1998Fa\u00fcltet\u00e9sOpusztaszer\" width=\"300\" height=\"216\" srcset=\"https:\/\/soroptimistbudapest.eu\/en\/wp-content\/uploads\/2015\/10\/1998Fa\u00fcltet\u00e9sOpusztaszer-300x216.jpg 300w, https:\/\/soroptimistbudapest.eu\/en\/wp-content\/uploads\/2015\/10\/1998Fa\u00fcltet\u00e9sOpusztaszer-1024x739.jpg 1024w\" sizes=\"(max-width: 300px) 100vw, 300px\" \/><\/a>1998.<\/b><\/p>\n<p>Launching the Gipsy projects. We contacted the gipsy interest safeguarding organization<\/p>\n<p>and taught mathematics, English etc. for gipsy students at school. We financed a professional dancer to teach gipsy dances for gipsy children with this to deepen their gipsy identity.<\/p>\n<p>We have initiated an Equal Opportunity course for women.<\/p>\n<p><b><a href=\"https:\/\/soroptimistbudapest.eu\/en\/wp-content\/uploads\/2015\/10\/1999Unioalapitas.jpg\"><img decoding=\"async\" loading=\"lazy\" class=\" size-medium wp-image-429 alignleft\" src=\"https:\/\/soroptimistbudapest.eu\/en\/wp-content\/uploads\/2015\/10\/1999Unioalapitas-300x219.jpg\" alt=\"1999Unioalapitas\" width=\"300\" height=\"219\" srcset=\"https:\/\/soroptimistbudapest.eu\/en\/wp-content\/uploads\/2015\/10\/1999Unioalapitas-300x219.jpg 300w, https:\/\/soroptimistbudapest.eu\/en\/wp-content\/uploads\/2015\/10\/1999Unioalapitas-1024x748.jpg 1024w\" sizes=\"(max-width: 300px) 100vw, 300px\" \/><\/a>1999.\u00a0<\/b><\/p>\n<p>Helping young people suffering from autism and Down syndrome working at the Civitan nursery. We bought large number of flowers to the \u00d3buda Island to support them<\/p>\n<p>The Hungarian Soroptimist Union was founded in Budapest in September to organize the cooperation of the Clubs in Szeged, Sopron, Ny\u00edregyh\u00e1za and P\u00e9cs.<\/p>\n<p><b><a href=\"https:\/\/soroptimistbudapest.eu\/en\/wp-content\/uploads\/2015\/10\/2000Vezseny-\u00e1rviz.jpg\"><img decoding=\"async\" loading=\"lazy\" class=\" size-medium wp-image-430 alignright\" src=\"https:\/\/soroptimistbudapest.eu\/en\/wp-content\/uploads\/2015\/10\/2000Vezseny-\u00e1rviz-300x201.jpg\" alt=\"2000Vezseny \u00e1rviz\" width=\"300\" height=\"201\" srcset=\"https:\/\/soroptimistbudapest.eu\/en\/wp-content\/uploads\/2015\/10\/2000Vezseny-\u00e1rviz-300x201.jpg 300w, https:\/\/soroptimistbudapest.eu\/en\/wp-content\/uploads\/2015\/10\/2000Vezseny-\u00e1rviz-1024x686.jpg 1024w, https:\/\/soroptimistbudapest.eu\/en\/wp-content\/uploads\/2015\/10\/2000Vezseny-\u00e1rviz-120x80.jpg 120w, https:\/\/soroptimistbudapest.eu\/en\/wp-content\/uploads\/2015\/10\/2000Vezseny-\u00e1rviz.jpg 1504w\" sizes=\"(max-width: 300px) 100vw, 300px\" \/><\/a>2000.<\/b><\/p>\n<p>Carrying on the tuition of the gypsy children, legal support for the gypsy local organization.<\/p>\n<p>We were hosting the children from Vezseny in Budapest after the Tisza flooded the whole village.<\/p>\n<p><b>2001.<\/b><\/p>\n<p>Soroptimist-East international conference<\/p>\n<p>Organizing the friendship weekend for the club\u2019s 10th birthday<\/p>\n<p><b>2002.<\/b><\/p>\n<p>We organized a charity painting auction in March in Hotel Gell\u00e9rt. With this we were supporting the Hospice and the White Cross Child-Protection Foundations.<\/p>\n<p><b>2003.\u00a0<\/b><\/p>\n<p>On November the 22nd we organized a charity concert for the benefit of the Beethoven Program, who teaches deaf children to play music and the White Cross Child-Protection Foundation.<\/p>\n<p><b>2004.<\/b><\/p>\n<p>Helping refugees in Bicske with food product donations<\/p>\n<p><b>2005.\u00a0<\/b><\/p>\n<p>We carried on the free of charge legal consultation for the gipsy community.<\/p>\n<p>We have supported the Beethoven Foundation with purchasing musical instruments.<\/p>\n<p><b>2006.\u00a0<\/b><\/p>\n<p>On April 22nd we organized a Charity Concert for the benefit of the Hospice and Beethoven Foundations.<\/p>\n<p>We purchased musical instruments for the children.<\/p>\n<p>On November 18th a second charity concert was held within the scope of the Beethoven program\u00a0where funds were raised for the Rajk\u00f3 Orchestra.<\/p>\n<p><b><a href=\"https:\/\/soroptimistbudapest.eu\/en\/wp-content\/uploads\/2015\/10\/2007Rajk\u00f3.jpg\"><img decoding=\"async\" loading=\"lazy\" class=\" size-medium wp-image-432 alignleft\" src=\"https:\/\/soroptimistbudapest.eu\/en\/wp-content\/uploads\/2015\/10\/2007Rajk\u00f3-300x225.jpg\" alt=\"2007Rajk\u00f3\" width=\"300\" height=\"225\" srcset=\"https:\/\/soroptimistbudapest.eu\/en\/wp-content\/uploads\/2015\/10\/2007Rajk\u00f3-300x225.jpg 300w, https:\/\/soroptimistbudapest.eu\/en\/wp-content\/uploads\/2015\/10\/2007Rajk\u00f3-1024x768.jpg 1024w, https:\/\/soroptimistbudapest.eu\/en\/wp-content\/uploads\/2015\/10\/2007Rajk\u00f3-160x120.jpg 160w\" sizes=\"(max-width: 300px) 100vw, 300px\" \/><\/a>2007.<\/b><\/p>\n<p>We have organized a Friendship weekend and from the donations we could support the Beethoven Foundation.<\/p>\n<p><b>2008.<\/b><\/p>\n<p>On November 29th we held a charity concert for the Rajk\u00f3 International Youth Orchestra\u2019s benefit. Money was also offered for the support of the Families\u2019 Interim Home.<\/p>\n<p>International Seminar was organized in Budapest<\/p>\n<p>We provide ongoing support for the Families\u2019 Interim Home.<\/p>\n<p>We supported the Families\u2019 Interim Home with Christmas grants.<\/p>\n<p>The temporary home provides a six month long program for homeless families to reintegrate into society. They receive interim accommodation but as the number of people in need constantly changes the municipality cannot fund every application. Therefore we provide durable food products, diapers, baby food on a quarterly basis.<\/p>\n<p><b>2009.<\/b><\/p>\n<p>Financial aid to support the renovation of the N\u00e1daslad\u00e1ny Castle.<\/p>\n<p>We donated a HUF 5,000 worth voucher per child to each of the 30-35 families living in the Families\u2019 Interim Home before the festive season.<\/p>\n<p><b><a href=\"https:\/\/soroptimistbudapest.eu\/en\/wp-content\/uploads\/2015\/10\/2010Fels\u0151zsolca.jpg\"><img decoding=\"async\" loading=\"lazy\" class=\" size-medium wp-image-433 alignright\" src=\"https:\/\/soroptimistbudapest.eu\/en\/wp-content\/uploads\/2015\/10\/2010Fels\u0151zsolca-300x225.jpg\" alt=\"2010Fels\u0151zsolca\" width=\"300\" height=\"225\" srcset=\"https:\/\/soroptimistbudapest.eu\/en\/wp-content\/uploads\/2015\/10\/2010Fels\u0151zsolca-300x225.jpg 300w, https:\/\/soroptimistbudapest.eu\/en\/wp-content\/uploads\/2015\/10\/2010Fels\u0151zsolca-1024x768.jpg 1024w, https:\/\/soroptimistbudapest.eu\/en\/wp-content\/uploads\/2015\/10\/2010Fels\u0151zsolca-160x120.jpg 160w\" sizes=\"(max-width: 300px) 100vw, 300px\" \/><\/a>2010.<\/b><\/p>\n<p>In May, we welcomed the children from the Families\u2019 Interim Home for a full-day visit at the Budapest Zoo, followed by an invitation for ice-cream.<\/p>\n<p>In September, we sent aid to Fels\u0151zsolca to support the victims of the flood.<\/p>\n<p>In October, we leveraged our international network to draw attention to the red mud disaster and ask \u20ac10 donation from all of our Sisters.\u00a0 Our call was heard and answered across the globe.\u00a0 We raised HUF 8 million (approx. \u20ac27,000), supplemented by another HUF 500 thousand (\u20ac1,700) the following year during a Friendship weekend hosted in Budapest.\u00a0 The Cultural Center was inaugurated in 2011, one year after the tragic event.<\/p>\n<p>We supported the Families\u2019 Interim Home with Christmas donations.<\/p>\n<p><b><a href=\"https:\/\/soroptimistbudapest.eu\/en\/wp-content\/uploads\/2015\/10\/2011Devecser-eml\u00e9kt\u00e1bla.jpg\"><img decoding=\"async\" loading=\"lazy\" class=\" size-medium wp-image-434 alignleft\" src=\"https:\/\/soroptimistbudapest.eu\/en\/wp-content\/uploads\/2015\/10\/2011Devecser-eml\u00e9kt\u00e1bla-300x199.jpg\" alt=\"2011Devecser eml\u00e9kt\u00e1bla\" width=\"300\" height=\"199\" srcset=\"https:\/\/soroptimistbudapest.eu\/en\/wp-content\/uploads\/2015\/10\/2011Devecser-eml\u00e9kt\u00e1bla-300x199.jpg 300w, https:\/\/soroptimistbudapest.eu\/en\/wp-content\/uploads\/2015\/10\/2011Devecser-eml\u00e9kt\u00e1bla-1024x680.jpg 1024w, https:\/\/soroptimistbudapest.eu\/en\/wp-content\/uploads\/2015\/10\/2011Devecser-eml\u00e9kt\u00e1bla-120x80.jpg 120w, https:\/\/soroptimistbudapest.eu\/en\/wp-content\/uploads\/2015\/10\/2011Devecser-eml\u00e9kt\u00e1bla.jpg 1072w\" sizes=\"(max-width: 300px) 100vw, 300px\" \/><\/a>2011<\/b>.<\/p>\n<p>We invited the children from the Families\u2019 Interim Home to visit the Budapest Zoo on Children\u2019s Day.<\/p>\n<p>In May, we celebrated our 20<sup>th<\/sup> Anniversary, organizing a Friendship Weekend with many guests from around the world.\u00a0 We combined the event with raising funds for the victims of the red mud disaster. Initiated by the Rotary and supported by the Budapest and many international Soroptimist clubs, a new cultural center was inaugurated one year after the tragedy.\u00a0 A marble plate on the walls of the center reminds the visitors on the event.<\/p>\n<p>We supported the Families\u2019 Interim Home with Christmas donations.<\/p>\n<p><b><a href=\"https:\/\/soroptimistbudapest.eu\/en\/wp-content\/uploads\/2015\/10\/2012GovernorMeeting.jpg\"><img decoding=\"async\" loading=\"lazy\" class=\" size-medium wp-image-437 alignright\" src=\"https:\/\/soroptimistbudapest.eu\/en\/wp-content\/uploads\/2015\/10\/2012GovernorMeeting-300x200.jpg\" alt=\"2012GovernorMeeting\" width=\"300\" height=\"200\" srcset=\"https:\/\/soroptimistbudapest.eu\/en\/wp-content\/uploads\/2015\/10\/2012GovernorMeeting-300x200.jpg 300w, https:\/\/soroptimistbudapest.eu\/en\/wp-content\/uploads\/2015\/10\/2012GovernorMeeting-1024x682.jpg 1024w, https:\/\/soroptimistbudapest.eu\/en\/wp-content\/uploads\/2015\/10\/2012GovernorMeeting-120x80.jpg 120w\" sizes=\"(max-width: 300px) 100vw, 300px\" \/><\/a>2012.<\/b><\/p>\n<p>We invited the children from the Families\u2019 Interim Home to visit the Budapest Zoo on Children\u2019s Day.<\/p>\n<p>Our project after the Red Mud Disaster received Best Practice Award in July 2012 from the European Federation.<\/p>\n<p>The European Federations\u2019 Governor Meeting was held in Budapest in July 2013.\u00a0 Our members had an important role in the organization.<\/p>\n<p>We supported the Families\u2019 Interim Home with Christmas donations.<\/p>\n<p><b><a href=\"https:\/\/soroptimistbudapest.eu\/en\/wp-content\/uploads\/2015\/10\/2013CSAO-karacsony.jpg\"><img decoding=\"async\" loading=\"lazy\" class=\" size-medium wp-image-438 alignleft\" src=\"https:\/\/soroptimistbudapest.eu\/en\/wp-content\/uploads\/2015\/10\/2013CSAO-karacsony-300x200.jpg\" alt=\"2013CSAO karacsony\" width=\"300\" height=\"200\" srcset=\"https:\/\/soroptimistbudapest.eu\/en\/wp-content\/uploads\/2015\/10\/2013CSAO-karacsony-300x200.jpg 300w, https:\/\/soroptimistbudapest.eu\/en\/wp-content\/uploads\/2015\/10\/2013CSAO-karacsony-1024x682.jpg 1024w, https:\/\/soroptimistbudapest.eu\/en\/wp-content\/uploads\/2015\/10\/2013CSAO-karacsony-120x80.jpg 120w\" sizes=\"(max-width: 300px) 100vw, 300px\" \/><\/a>2013.<\/b><\/p>\n<p>We invited the children from the Families\u2019 Interim Home to visit the Budapest Zoo on Children\u2019s Day.<\/p>\n<p><strong>2014.<\/strong><\/p>\n<p>One of our flagship projects is to support premature babies in order to enhance their quality of life.\u00a0 The so called D\u00e9v\u00e9ny Therapy increases the chance of full recovery; hence, we decided do sponsor the cure of selected children.\u00a0 In late 2013, we started collecting donations for Fanni, who following a brain heamorrhage, was diagnosed with paralysis on the right side of her body.\u00a0 Thanks to the D\u00e9v\u00e9ny method, she is able to walk and use both of her hands today.<\/p>\n<p>In early 2014, we held a successful Charity Wine Dinner to foster Fanni\u2019s support.<\/p>\n<p>We supported the Families\u2019 Interim Home with Christmas donations.<\/p>\n<p><b><a href=\"https:\/\/soroptimistbudapest.eu\/en\/wp-content\/uploads\/2015\/10\/2014CSAO-karacsony.jpg\"><img decoding=\"async\" loading=\"lazy\" class=\" size-medium wp-image-439 alignright\" src=\"https:\/\/soroptimistbudapest.eu\/en\/wp-content\/uploads\/2015\/10\/2014CSAO-karacsony-300x200.jpg\" alt=\"2014CSAO karacsony\" width=\"300\" height=\"200\" srcset=\"https:\/\/soroptimistbudapest.eu\/en\/wp-content\/uploads\/2015\/10\/2014CSAO-karacsony-300x200.jpg 300w, https:\/\/soroptimistbudapest.eu\/en\/wp-content\/uploads\/2015\/10\/2014CSAO-karacsony-1024x682.jpg 1024w, https:\/\/soroptimistbudapest.eu\/en\/wp-content\/uploads\/2015\/10\/2014CSAO-karacsony-120x80.jpg 120w\" sizes=\"(max-width: 300px) 100vw, 300px\" \/><\/a>2015.<br \/>\n<\/b><\/p>\n<p>We invited the children from the Families\u2019 Interim Home to visit the Budapest Zoo on Children\u2019s Day.<\/p>\n<p>All year around, we supported the rehabilitation of D\u00e1vid.\u00a0 His mother was 24 months pregnant when suffered heart attack.\u00a0 The doctors could stabilize her cardiovascular condition until the birth of D\u00e1vid; however, her brain damage proved irreversible.\u00a0 Born premature, Anna D\u00e9v\u00e9ny\u2019s therapy facilitates his progression; yet the costs cause difficulties for the family to cover.\u00a0 Our Charity Dinner in March, hosted by Zs\u00e9da, aimed to support D\u00e1vid and his family.\u00a0 The auction of Judit J\u00f3zsa\u2019s statue, Saint George the Dragonkiller, also substantially contributed to the success of this event.<\/p>\n<p>As every Christmas, we supported the Families\u2019 Interim Home with our donations.<\/p>\n<p>In the framework of the campaign \u201cElimination of violence against women\u201d we have placed flyers in the premises of Magyar Suzuki Zrt, a Hungarian car manufacturer with 3000 employees.<\/p>\n<p><strong>2016.<\/strong><\/p>\n<p>We held our ceremonial club meeting on the 13<sup>th<\/sup> of January, where we celebrated our 25<sup>th<\/sup> anniversary.<\/p>\n","protected":false},"excerpt":{"rendered":"<p>1991. Organizing a concert for 13 young music talents and supporting them in recording CDs. This concert was broadcasting by the Hungarian National Television prime time on World Music Day (1st of October) and Christmas day. 1992. Ongoing international relationships, we welcomed guests from all over Europe and also visited a lot of Clubs in [&hellip;]<\/p>\n","protected":false},"author":6,"featured_media":0,"parent":0,"menu_order":0,"comment_status":"open","ping_status":"open","template":"","meta":[],"_links":{"self":[{"href":"https:\/\/soroptimistbudapest.eu\/en\/wp-json\/wp\/v2\/pages\/414"}],"collection":[{"href":"https:\/\/soroptimistbudapest.eu\/en\/wp-json\/wp\/v2\/pages"}],"about":[{"href":"https:\/\/soroptimistbudapest.eu\/en\/wp-json\/wp\/v2\/types\/page"}],"author":[{"embeddable":true,"href":"https:\/\/soroptimistbudapest.eu\/en\/wp-json\/wp\/v2\/users\/6"}],"replies":[{"embeddable":true,"href":"https:\/\/soroptimistbudapest.eu\/en\/wp-json\/wp\/v2\/comments?post=414"}],"version-history":[{"count":9,"href":"https:\/\/soroptimistbudapest.eu\/en\/wp-json\/wp\/v2\/pages\/414\/revisions"}],"predecessor-version":[{"id":546,"href":"https:\/\/soroptimistbudapest.eu\/en\/wp-json\/wp\/v2\/pages\/414\/revisions\/546"}],"wp:attachment":[{"href":"https:\/\/soroptimistbudapest.eu\/en\/wp-json\/wp\/v2\/media?parent=414"}],"curies":[{"name":"wp","href":"https:\/\/api.w.org\/{rel}","templated":true}]}}