{"id":275,"date":"2015-03-19T09:38:55","date_gmt":"2015-03-19T09:38:55","guid":{"rendered":"https:\/\/soroptimistbudapest.eu\/?page_id=275"},"modified":"2015-12-11T17:28:33","modified_gmt":"2015-12-11T17:28:33","slug":"sajto","status":"publish","type":"page","link":"https:\/\/soroptimistbudapest.eu\/en\/sajto\/","title":{"rendered":"Press"},"content":{"rendered":"<p>June 4, 2015 &#8211; Ridik\u00fcl magazin<\/p>\n<p><strong><a href=\"https:\/\/soroptimistbudapest.eu\/en\/wp-content\/uploads\/2015\/10\/Ridik\u00fcl-magazin.pdf\">Successfull women for people in need<\/a><\/strong><\/p>\n<p>April 9, 2015 &#8211; Marie Claire Online<\/p>\n<p><strong><a title=\"L\u00e1szl\u00f3 Krisztina cikke\" href=\"http:\/\/marieclaire.hu\/Eletmod\/2015\/04\/08\/Kulonleges-osszefogas-egy-kulonleges-kisfiuert\">Extraordinary cooperation for an amazing child<\/a><\/strong><\/p>\n<p>March 11, 2015 &#8211; Metropol.hu<\/p>\n<p><strong><a href=\"https:\/\/soroptimistbudapest.eu\/\/wp-content\/uploads\/2015\/03\/VassVir\u00e1gMetropolsoroptimista_sorok.pdf\">Vir\u00e1g Vass&#8217;s article about Hungarian Soroptimists<\/a><\/strong><\/p>\n<p>September 5, 2012 &#8211; N\u0151k Lapja Eg\u00e9szs\u00e9g magazin<\/p>\n<p><strong><a href=\"https:\/\/soroptimistbudapest.eu\/\/wp-content\/uploads\/2015\/03\/SIE-article-Kathy-Kaaf-Nok-Lapja-Egeszseg-Sept-5-2012.pdf\">Interview with Kathy Kaaffal, the expresident of Soroptimists&#8217;s European Union<\/a><br \/>\n<\/strong><\/p>\n<p>The Link (1\/2010-2011 N 220)<\/p>\n<p><strong><a href=\"https:\/\/soroptimistbudapest.eu\/en\/wp-content\/uploads\/2015\/03\/Devecser.pdf\">Ecological disaster hits Hungary &#8211; Cover<\/a><\/strong><\/p>\n<p><strong><a href=\"https:\/\/soroptimistbudapest.eu\/en\/wp-content\/uploads\/2015\/03\/Link-1-2.pdf\">Ecological disaster hits Hungary &#8211; Page 9<\/a><\/strong><\/p>\n<p>The Link (2\/2010-2011 N 221)<\/p>\n<p><strong><a href=\"https:\/\/soroptimistbudapest.eu\/en\/wp-content\/uploads\/2015\/03\/Link-2.pdf\">Relief after disaster in Hungary<\/a><\/strong><\/p>\n<p>&nbsp;<\/p>\n","protected":false},"excerpt":{"rendered":"<p>June 4, 2015 &#8211; Ridik\u00fcl magazin Successfull women for people in need April 9, 2015 &#8211; Marie Claire Online Extraordinary cooperation for an amazing child March 11, 2015 &#8211; Metropol.hu Vir\u00e1g Vass&#8217;s article about Hungarian Soroptimists September 5, 2012 &#8211; N\u0151k Lapja Eg\u00e9szs\u00e9g magazin Interview with Kathy Kaaffal, the expresident of Soroptimists&#8217;s European Union The [&hellip;]<\/p>\n","protected":false},"author":6,"featured_media":0,"parent":0,"menu_order":0,"comment_status":"open","ping_status":"open","template":"","meta":[],"_links":{"self":[{"href":"https:\/\/soroptimistbudapest.eu\/en\/wp-json\/wp\/v2\/pages\/275"}],"collection":[{"href":"https:\/\/soroptimistbudapest.eu\/en\/wp-json\/wp\/v2\/pages"}],"about":[{"href":"https:\/\/soroptimistbudapest.eu\/en\/wp-json\/wp\/v2\/types\/page"}],"author":[{"embeddable":true,"href":"https:\/\/soroptimistbudapest.eu\/en\/wp-json\/wp\/v2\/users\/6"}],"replies":[{"embeddable":true,"href":"https:\/\/soroptimistbudapest.eu\/en\/wp-json\/wp\/v2\/comments?post=275"}],"version-history":[{"count":12,"href":"https:\/\/soroptimistbudapest.eu\/en\/wp-json\/wp\/v2\/pages\/275\/revisions"}],"predecessor-version":[{"id":536,"href":"https:\/\/soroptimistbudapest.eu\/en\/wp-json\/wp\/v2\/pages\/275\/revisions\/536"}],"wp:attachment":[{"href":"https:\/\/soroptimistbudapest.eu\/en\/wp-json\/wp\/v2\/media?parent=275"}],"curies":[{"name":"wp","href":"https:\/\/api.w.org\/{rel}","templated":true}]}}